{"id":2,"date":"2023-11-02T17:25:34","date_gmt":"2023-11-02T16:25:34","guid":{"rendered":"http:\/\/lecomte.formimpact.site\/?page_id=2"},"modified":"2023-12-09T10:24:52","modified_gmt":"2023-12-09T09:24:52","slug":"page-d-exemple","status":"publish","type":"page","link":"https:\/\/lecomte.formimpact.site\/index.php\/page-d-exemple\/","title":{"rendered":"Moi c&#8217;est lydie !"},"content":{"rendered":"\n<p>&nbsp;J&#8217;esp\u00e8re que tu vas bien ? <\/p>\n\n\n\n<p>Si tu ne me connait pas encore je vais me pr\u00e9senter pour que tu en sache un peux plus sur moi :<\/p>\n\n\n\n<blockquote class=\"wp-block-quote\">\n\n\n<p>Je m&#8217;appelle LECOMTE Lydie et j&#8217;ai 23 ans. Passionn\u00e9 part le sport depuis toute petite, j&#8217;ai essayer presque tout les sports en club en commen\u00e7ant par le judo, le foot, le hand, la danse classique, moderne, du basquet, du rugby, MMA. Il me manquer toujours quel que chose pour que je reste dans un seul club.<\/p>\n\n\n\n<p> En 2016 je commence a faire des stages pour savoir ce que j&#8217;aimerais faire plus tard . Ma maman qui \u00e9tait dans une salle de sport ma conseill\u00e9e de faire mon stage dans cette salle : Espace forme \u00e0 limoges. Une bonne exp\u00e9rience ou je suis rester 3 ans.<\/p>\n\n\n\n<p>Mon premier dipl\u00f4me CAP vente, que j&#8217;ai eu. J&#8217;ai voulue continuer de passer mon Bac ARCUS  en compagnie de espace forme mais \u00e7a ne sait pas fait. <\/p>\n\n\n\n<p>Un mal pour un bien comme on dit. Car j&#8217;ai pue d\u00e9couvrir que j&#8217;aimer vraiment ce m\u00e9tier et \u00e7a n&#8217;importe ou sans \u00eatre entourer des personnes avec qui une amiti\u00e9 ces cr\u00e9er \u00e0 espace forme. <\/p>\n\n\n\n<p>\u00c7a ma fait sortir de ma zone de confort au moins !<\/p>\n\n\n\n<figure class=\"wp-block-image size-full\"><img fetchpriority=\"high\" decoding=\"async\" width=\"960\" height=\"720\" src=\"https:\/\/lecomte.formimpact.site\/wp-content\/uploads\/2023\/12\/IMG_0869.jpg\" alt=\"\" class=\"wp-image-551\" srcset=\"https:\/\/lecomte.formimpact.site\/wp-content\/uploads\/2023\/12\/IMG_0869.jpg 960w, https:\/\/lecomte.formimpact.site\/wp-content\/uploads\/2023\/12\/IMG_0869-300x225.jpg 300w, https:\/\/lecomte.formimpact.site\/wp-content\/uploads\/2023\/12\/IMG_0869-768x576.jpg 768w\" sizes=\"(max-width: 960px) 100vw, 960px\" \/><\/figure>\n\n\n\n<p>Photo qui date de 2017<\/p>\n\n\n\n<p>Devine ou je suis ! Met le en commentaire et je te dirai si tu aura trouver ! <\/p>\n\n\n\n<p>le diplome : BAC ARCUS  dans la vente que j&#8217;ai passer dans une autre salle. \u00c7a ne sais pas termin\u00e9 comme je l&#8217;aurai imaginer. Dipl\u00f4me sur 2 ans j&#8217;ai fais que une ann\u00e9e. <\/p>\n\n\n\n<p>J&#8217;\u00e9tait en alternance dans une salle de sport compl\u00e8tement diff\u00e9rente. J&#8217;aimais toujours le m\u00e9tiers mais je commencer \u00e0 vouloir aller plus loin. Ne pas que renseigner, vendre les abonnement, faire visiter la salle&#8230; <\/p>\n\n\n\n<p> Je voulais faire plus. Donner des cours collectifs, aider, accompagner :  devenir coach ! <\/p>\n\n\n\n<p>Donc au bout de 9 mois d&#8217;alternance dans cette salle on \u00e0 fait une rupture conventionnel avec mon ancienne responsable et mis fin \u00e0 mon apprentissage. <\/p>\n\n\n\n<p>Ne savant pas ce que j&#8217;allais faire je me suit tout de suite renseigner au alentour pour au moins finir mon dipl\u00f4me dans une autre salle de sport.. Mais aucune salle na accept\u00e9. J&#8217;ai d\u00e9cider de continuer mais dans une autre d\u00e9marche. <\/p>\n\n\n\n<p>J&#8217;ai bien r\u00e9fl\u00e9chie et j&#8217;ai d\u00e9cider d&#8217;arreter mon alternace en cours et passer a l&#8217;action pour me raprocher de mon objectif.<\/p>\n\n\n\n<p>Ma maman qui est sur Confolens, une ville \u00e0 45 minutes e limoges. Je me suis dit que j&#8217;allais mis approcher. Elle tien \u00e0 bar tabac, donc c\u00f4toie beaucoup de personne. <\/p>\n\n\n\n<p>Son entourage c&#8217;est que le sport c&#8217;est ma passion et un jour un ami \u00e0 ma maman et venue m&#8217;expliquer que sont responsable aller ouvrir une salle de sport sur Confolens. <\/p>\n\n\n\n<p>Un projet qui pouvais que m&#8217;int\u00e9ressais !<\/p>\n\n\n\n<p>J&#8217;ai tout de suite saut\u00e9e sur l&#8217;occasion ! J&#8217;ai pris les coordonn\u00e9es et je les contacter directement.<\/p>\n\n\n\n<p> J&#8217;ai vite eu un entretien pour qu&#8217;il m&#8217;explique leur projet.  <\/p>\n\n\n\n<p>Entretien passer avec une promesse d&#8217;embauche l&#8217;aventure commence ! Ouverture d&#8217;une salle ne se fait pas comme \u00e7a.. Je vous passe tout les d\u00e9tails mais que de l&#8217;exp\u00e9rience durant ce mois de mise en place pour l&#8217;ouverture de la salle.<\/p>\n\n\n\n<figure class=\"wp-block-image size-full\"><img decoding=\"async\" width=\"1000\" height=\"625\" src=\"https:\/\/lecomte.formimpact.site\/wp-content\/uploads\/2023\/12\/IMG_7363.jpg\" alt=\"\" class=\"wp-image-550\" srcset=\"https:\/\/lecomte.formimpact.site\/wp-content\/uploads\/2023\/12\/IMG_7363.jpg 1000w, https:\/\/lecomte.formimpact.site\/wp-content\/uploads\/2023\/12\/IMG_7363-300x188.jpg 300w, https:\/\/lecomte.formimpact.site\/wp-content\/uploads\/2023\/12\/IMG_7363-768x480.jpg 768w\" sizes=\"(max-width: 1000px) 100vw, 1000px\" \/><\/figure>\n\n\n\n<p><\/p>\n\n\n\n<p>\u00a0Conf&#8217;forme sport tenue par 6 g\u00e9rants \u00e0 ouvert ces portes le 25\/11\/2019.<\/p>\n\n\n\n<p>J&#8217;ai commenc\u00e9 a travaill\u00e9 en tant que hotesse d&#8217;accueil, avec BETOULLE Damien qui est le coach de la salle. <\/p>\n\n\n\n<p>Je suis rest\u00e9 hotesse d&#8217;accueil de 2019 Jusqu&#8217;en 2020. En 2020 je passe mon dipl\u00f4me pendant 1 an en passant les deux mentions : Musculation halt\u00e9rophilie et cours collectifs.<\/p>\n\n\n\n<p>Une exp\u00e9rience \u00e0 re faire si je pourais. Mais il y a eu des dificulter.. Pendant cette foration j&#8217;ai du arreter mon alternace pendants 2 mois du a un Kyste sacro-coccygien. <\/p>\n\n\n\n<p>La pression \u00e9tait encore plus grande car louper deux mois de cours sur un an c&#8217;est juste affreux ! <\/p>\n\n\n\n<p>Pour expliquer comment ca c&#8217;est derouler j&#8217;ai garder cette douleur cette boule pendant 1 semaine sans aller voir le medecin car je ne voulais pas arreter. Mais quans tu te l\u00e9ve un matin sans pouvoir te redresser la faut comencer a se poser des question. <\/p>\n\n\n\n<p>Ma maman me conduit directement chez le medecin, impossible pour moi de m&#8217;assoir, donc j&#8217;ai travailler les cuisse en restant tout le long du trajet en chaises (mes pieds \u00e9tait sur le tableau de board) je te laisse imaginer la sc\u00e8ne MDR<\/p>\n\n\n\n<p>Arriver chez le m\u00e9decin : Faut que vous voyer le chirurgien le plus vite possible. <\/p>\n\n\n\n<p>Le lendemin m\u00eame j&#8217;ai eu un rendez vous chez le chirurgien. J&#8217;ai dormie chez ma meilleur amie car c&#8217;\u00e9tait sur limoges et moi j&#8217;habite a confolens.<\/p>\n\n\n\n<p>Cette nuit la c&#8217;est passer la pire nuit de mas vie mais en meme temp ca ma soulager Bisard dit comme ca&#8230; <\/p>\n\n\n\n<p>Ma meilleur amie a une chien ryo un bigle et cette nuit la son chien ma sauter sur mon kyste et ca la ouvert !! Franchement une infection !Je suis vite aller sous la douche pour tout n&#8217;etoyer : Du pue du sang tout ce qui pouvais sortire du trou car c&#8217;etait clairement un trou et be sa sorter. Mais au moin apres ca je ne ressenter plus rien et je pouvais enfin le redressais. <\/p>\n\n\n\n<p>L&#8217;heur du rendez-vous arrive. <\/p>\n\n\n\n<p>J&#8217;\u00e9tait assez sereine car e n&#8217;avais plus mal et je penser ressortir juste avec un penssement mais non !!<\/p>\n\n\n\n<p>Arriver a mon tour le chirurgien demande a voir et il me dit : Je ne peut pas vous laisser comme \u00e7a \u00e7a va s&#8217;infecter faut op\u00e9rer ! Allez a l&#8217;accueil et r\u00e9server une chambre pour aujourd&#8217;hui. <\/p>\n\n\n\n<p>Je d\u00e9teste les op\u00e9ration \u00eatre dans un h\u00f4pital tout simplement.<\/p>\n\n\n\n<p>Pas le choix on me pr\u00e9pars, <\/p>\n<\/blockquote>\n\n\n\n<blockquote class=\"wp-block-quote\">\n<p>Vous reconnaissait vers cette ann\u00e9e ce qu&#8217;il y a eu ? Et oui le covid apr\u00e9s 3 mois d&#8217;ouverture le covid et arriver. Mai ca nous a pas frainer pour r\u00e9 attaquer des que on le pouvais.<\/p>\n<\/blockquote>\n\n\n\n<p>En tant que nouvel utilisateur ou utilisatrice de WordPress, vous devriez vous rendre sur <a href=\"http:\/\/lecomte.formimpact.site\/wp-admin\/\">votre tableau de bord<\/a> pour supprimer cette page et cr\u00e9er de nouvelles pages pour votre contenu. Amusez-vous bien&nbsp;!<\/p>\n","protected":false},"excerpt":{"rendered":"<p>&nbsp;J&#8217;esp\u00e8re que tu vas bien ? Si tu ne me connait pas encore je vais me pr\u00e9senter pour que tu en sache un peux plus sur moi : Vous reconnaissait &hellip; <\/p>\n","protected":false},"author":1,"featured_media":0,"parent":0,"menu_order":0,"comment_status":"closed","ping_status":"open","template":"","meta":{"footnotes":""},"_links":{"self":[{"href":"https:\/\/lecomte.formimpact.site\/index.php\/wp-json\/wp\/v2\/pages\/2"}],"collection":[{"href":"https:\/\/lecomte.formimpact.site\/index.php\/wp-json\/wp\/v2\/pages"}],"about":[{"href":"https:\/\/lecomte.formimpact.site\/index.php\/wp-json\/wp\/v2\/types\/page"}],"author":[{"embeddable":true,"href":"https:\/\/lecomte.formimpact.site\/index.php\/wp-json\/wp\/v2\/users\/1"}],"replies":[{"embeddable":true,"href":"https:\/\/lecomte.formimpact.site\/index.php\/wp-json\/wp\/v2\/comments?post=2"}],"version-history":[{"count":5,"href":"https:\/\/lecomte.formimpact.site\/index.php\/wp-json\/wp\/v2\/pages\/2\/revisions"}],"predecessor-version":[{"id":560,"href":"https:\/\/lecomte.formimpact.site\/index.php\/wp-json\/wp\/v2\/pages\/2\/revisions\/560"}],"wp:attachment":[{"href":"https:\/\/lecomte.formimpact.site\/index.php\/wp-json\/wp\/v2\/media?parent=2"}],"curies":[{"name":"wp","href":"https:\/\/api.w.org\/{rel}","templated":true}]}}